{"id":513,"date":"2016-05-11T13:48:44","date_gmt":"2016-05-11T13:48:44","guid":{"rendered":"http:\/\/wpoffice\/enfold-fitness\/?page_id=513"},"modified":"2024-06-10T18:21:45","modified_gmt":"2024-06-10T16:21:45","slug":"contact","status":"publish","type":"page","link":"https:\/\/www.tsv-datteln.de\/?page_id=513","title":{"rendered":"Kontakt"},"content":{"rendered":"<div id='av_section_1'  class='avia-section av-2vp2tt-6ff4c9d9d64009014f632071d9a53687 main_color avia-section-large avia-no-border-styling  avia-builder-el-0  el_before_av_layout_row  avia-builder-el-first  avia-bg-style-scroll container_wrap fullsize'  ><div class='container av-section-cont-open' ><main  role=\"main\" itemprop=\"mainContentOfPage\"  class='template-page content  av-content-full alpha units'><div class='post-entry post-entry-type-page post-entry-513'><div class='entry-content-wrapper clearfix'>\n\n<style type=\"text\/css\" data-created_by=\"avia_inline_auto\" id=\"style-css-av-7luf5-a403493dacd7bf062fab4b1e3bf43372\">\n#top .av-special-heading.av-7luf5-a403493dacd7bf062fab4b1e3bf43372{\npadding-bottom:30px;\nfont-size:70px;\n}\nbody .av-special-heading.av-7luf5-a403493dacd7bf062fab4b1e3bf43372 .av-special-heading-tag .heading-char{\nfont-size:25px;\n}\n#top #wrap_all .av-special-heading.av-7luf5-a403493dacd7bf062fab4b1e3bf43372 .av-special-heading-tag{\nfont-size:70px;\n}\n.av-special-heading.av-7luf5-a403493dacd7bf062fab4b1e3bf43372 .av-subheading{\nfont-size:15px;\n}\n\n@media only screen and (min-width: 480px) and (max-width: 767px){ \n#top #wrap_all .av-special-heading.av-7luf5-a403493dacd7bf062fab4b1e3bf43372 .av-special-heading-tag{\nfont-size:0.8em;\n}\n}\n\n@media only screen and (max-width: 479px){ \n#top #wrap_all .av-special-heading.av-7luf5-a403493dacd7bf062fab4b1e3bf43372 .av-special-heading-tag{\nfont-size:0.8em;\n}\n}\n<\/style>\n<div  class='av-special-heading av-7luf5-a403493dacd7bf062fab4b1e3bf43372 av-special-heading-h1 blockquote modern-quote  avia-builder-el-1  el_before_av_one_half  avia-builder-el-first  av-thin-font av-inherit-size'><h1 class='av-special-heading-tag'  itemprop=\"headline\"  >Kontakt<strong>.<\/strong><\/h1><div class=\"special-heading-border\"><div class=\"special-heading-inner-border\"><\/div><\/div><\/div>\n\n<style type=\"text\/css\" data-created_by=\"avia_inline_auto\" id=\"style-css-av-2igah5-6ffed89a2fc45f0371384b949a2ddbff\">\n.flex_column.av-2igah5-6ffed89a2fc45f0371384b949a2ddbff{\n-webkit-border-radius:0px 0px 0px 0px;\n-moz-border-radius:0px 0px 0px 0px;\nborder-radius:0px 0px 0px 0px;\npadding:0px 0px 0px 0px;\n}\n<\/style>\n<div class='flex_column av-2igah5-6ffed89a2fc45f0371384b949a2ddbff av_one_half  avia-builder-el-2  el_after_av_heading  el_before_av_one_fourth  first flex_column_div av-zero-column-padding '     ><section  class='av_textblock_section av-2ge5ht-2a0560fb80136461dbd2075e3a975501'  itemscope=\"itemscope\" itemtype=\"https:\/\/schema.org\/CreativeWork\" ><div class='avia_textblock'  itemprop=\"text\" ><p>Wenn Du Fragen zu unserem Sportangebot oder den Hallenzeiten hast, sprich uns gerne an.<\/p>\n<p>Du kannst uns telefonisch (Anrufbeantworter), \u00fcber unser Kontaktformular oder per Mail an <a href=\"mailto:info@TSV-Datteln.de\">info@TSV-Datteln.de<\/a> erreichen.<\/p>\n<\/div><\/section><\/div>\n<style type=\"text\/css\" data-created_by=\"avia_inline_auto\" id=\"style-css-av-2annup-fef5ad7a3faef1df9ffaa4ee6041b638\">\n.flex_column.av-2annup-fef5ad7a3faef1df9ffaa4ee6041b638{\n-webkit-border-radius:0px 0px 0px 0px;\n-moz-border-radius:0px 0px 0px 0px;\nborder-radius:0px 0px 0px 0px;\npadding:0px 0px 0px 0px;\n}\n<\/style>\n<div class='flex_column av-2annup-fef5ad7a3faef1df9ffaa4ee6041b638 av_one_fourth  avia-builder-el-4  el_after_av_one_half  el_before_av_one_fourth  flex_column_div av-zero-column-padding '     ><section  class='av_textblock_section av-241q9l-8cc422d58c8c8f7916b8b977691adac9'  itemscope=\"itemscope\" itemtype=\"https:\/\/schema.org\/CreativeWork\" ><div class='avia_textblock'  itemprop=\"text\" ><p><strong>Postanschrift<em>:<\/em><\/strong><\/p>\n<p>TSV Datteln<br \/>\nHagemer Kirchweg 28 b<br \/>\n45711 Datteln<\/p>\n<p>Tel.: 02363 \/ 388 920 (Bitte auf den Anrufbeantworter sprechen. Wir melden uns so schnell wie m\u00f6glich zur\u00fcck.)<\/p>\n<\/div><\/section><\/div>\n<style type=\"text\/css\" data-created_by=\"avia_inline_auto\" id=\"style-css-av-1yc1y1-db45d23724985be01b5dd0d96d2fdad3\">\n.flex_column.av-1yc1y1-db45d23724985be01b5dd0d96d2fdad3{\n-webkit-border-radius:0px 0px 0px 0px;\n-moz-border-radius:0px 0px 0px 0px;\nborder-radius:0px 0px 0px 0px;\npadding:0px 0px 0px 0px;\n}\n<\/style>\n<div class='flex_column av-1yc1y1-db45d23724985be01b5dd0d96d2fdad3 av_one_fourth  avia-builder-el-6  el_after_av_one_fourth  avia-builder-el-last  flex_column_div av-zero-column-padding '     ><style type=\"text\/css\" data-created_by=\"avia_inline_auto\" id=\"style-css-av-1rpdcp-9a865ca1f21a9938ada748598e051352\">\n#top .av_textblock_section.av-1rpdcp-9a865ca1f21a9938ada748598e051352 .avia_textblock{\nfont-size:14px;\n}\n<\/style>\n<section  class='av_textblock_section av-1rpdcp-9a865ca1f21a9938ada748598e051352'  itemscope=\"itemscope\" itemtype=\"https:\/\/schema.org\/CreativeWork\" ><div class='avia_textblock'  itemprop=\"text\" ><p><strong>Sprechstunde<em>:<\/em><\/strong><\/p>\n<hr \/>\n<p>Wir vom Vorstand haben uns entschieden, dass wir nur noch mit vorheriger Terminabsprache im B\u00fcro erreichbar sind. Bitte sprechen sie auf den Anrufbeantworter und wir versuchen uns so schnell wie m\u00f6glich zur\u00fcck zu melden. Sie k\u00f6nne uns aber auch eine EMAIL an info@tsv-datteln.de schicken oder \u00fcber das Kontaktformular uns erreichen.<\/p>\n<\/div><\/section><\/div>\n\n<\/div><\/div><\/main><!-- close content main element --><\/div><\/div><div id='av-layout-grid-1'  class='av-layout-grid-container av-j4qdl-f844cd76b57ca025df7ad58a03d2137c entry-content-wrapper main_color av-flex-cells  avia-builder-el-8  el_after_av_section  avia-builder-el-last  grid-row-not-first  container_wrap fullsize'  >\n\n<style type=\"text\/css\" data-created_by=\"avia_inline_auto\" id=\"style-css-av-fqry1-0fbd7a9d336b52621a174fb78f4c228f\">\n.flex_cell.av-fqry1-0fbd7a9d336b52621a174fb78f4c228f{\nvertical-align:top;\nbackground-color:#292929;\n}\n.responsive #top #wrap_all .flex_cell.av-fqry1-0fbd7a9d336b52621a174fb78f4c228f{\npadding:0 0 0 0 !important;\n}\n<\/style>\n<div class='flex_cell av-fqry1-0fbd7a9d336b52621a174fb78f4c228f av-gridrow-cell av_one_full no_margin  avia-builder-el-9  avia-builder-el-no-sibling  avia-full-stretch' ><div class='flex_cell_inner'>\n<\/div><\/div>\n<\/div>\n","protected":false},"excerpt":{"rendered":"","protected":false},"author":1,"featured_media":0,"parent":0,"menu_order":0,"comment_status":"closed","ping_status":"closed","template":"","meta":{"footnotes":""},"_links":{"self":[{"href":"https:\/\/www.tsv-datteln.de\/index.php?rest_route=\/wp\/v2\/pages\/513"}],"collection":[{"href":"https:\/\/www.tsv-datteln.de\/index.php?rest_route=\/wp\/v2\/pages"}],"about":[{"href":"https:\/\/www.tsv-datteln.de\/index.php?rest_route=\/wp\/v2\/types\/page"}],"author":[{"embeddable":true,"href":"https:\/\/www.tsv-datteln.de\/index.php?rest_route=\/wp\/v2\/users\/1"}],"replies":[{"embeddable":true,"href":"https:\/\/www.tsv-datteln.de\/index.php?rest_route=%2Fwp%2Fv2%2Fcomments&post=513"}],"version-history":[{"count":70,"href":"https:\/\/www.tsv-datteln.de\/index.php?rest_route=\/wp\/v2\/pages\/513\/revisions"}],"predecessor-version":[{"id":2912,"href":"https:\/\/www.tsv-datteln.de\/index.php?rest_route=\/wp\/v2\/pages\/513\/revisions\/2912"}],"wp:attachment":[{"href":"https:\/\/www.tsv-datteln.de\/index.php?rest_route=%2Fwp%2Fv2%2Fmedia&parent=513"}],"curies":[{"name":"wp","href":"https:\/\/api.w.org\/{rel}","templated":true}]}}