{"id":530,"date":"2016-05-11T13:53:03","date_gmt":"2016-05-11T13:53:03","guid":{"rendered":"http:\/\/wpoffice\/enfold-fitness\/?page_id=530"},"modified":"2022-01-16T18:53:16","modified_gmt":"2022-01-16T17:53:16","slug":"pricing","status":"publish","type":"page","link":"https:\/\/www.tsv-datteln.de\/?page_id=530","title":{"rendered":"Preise"},"content":{"rendered":"<div id='av_section_1'  class='avia-section av-3cczai-0ced6eeae8ac9d15f21417030b68b850 main_color avia-section-large avia-no-border-styling  avia-builder-el-0  el_before_av_section  avia-builder-el-first  avia-bg-style-scroll container_wrap fullsize'  ><div class='container av-section-cont-open' ><main  role=\"main\" itemprop=\"mainContentOfPage\"  class='template-page content  av-content-full alpha units'><div class='post-entry post-entry-type-page post-entry-530'><div class='entry-content-wrapper clearfix'>\n\n<style type=\"text\/css\" data-created_by=\"avia_inline_auto\" id=\"style-css-av-3ahj1u-dead60cf516f2dd946769afa28d02ecb\">\n#top .av-special-heading.av-3ahj1u-dead60cf516f2dd946769afa28d02ecb{\npadding-bottom:30px;\nfont-size:70px;\n}\nbody .av-special-heading.av-3ahj1u-dead60cf516f2dd946769afa28d02ecb .av-special-heading-tag .heading-char{\nfont-size:25px;\n}\n#top #wrap_all .av-special-heading.av-3ahj1u-dead60cf516f2dd946769afa28d02ecb .av-special-heading-tag{\nfont-size:70px;\n}\n.av-special-heading.av-3ahj1u-dead60cf516f2dd946769afa28d02ecb .av-subheading{\nfont-size:15px;\n}\n\n@media only screen and (min-width: 480px) and (max-width: 767px){ \n#top #wrap_all .av-special-heading.av-3ahj1u-dead60cf516f2dd946769afa28d02ecb .av-special-heading-tag{\nfont-size:0.8em;\n}\n}\n\n@media only screen and (max-width: 479px){ \n#top #wrap_all .av-special-heading.av-3ahj1u-dead60cf516f2dd946769afa28d02ecb .av-special-heading-tag{\nfont-size:0.8em;\n}\n}\n<\/style>\n<div  class='av-special-heading av-3ahj1u-dead60cf516f2dd946769afa28d02ecb av-special-heading-h1 blockquote modern-quote  avia-builder-el-1  el_before_av_one_half  avia-builder-el-first  av-thin-font av-inherit-size'><h1 class='av-special-heading-tag'  itemprop=\"headline\"  >Preise<strong>.<\/strong><\/h1><div class=\"special-heading-border\"><div class=\"special-heading-inner-border\"><\/div><\/div><\/div>\n\n<style type=\"text\/css\" data-created_by=\"avia_inline_auto\" id=\"style-css-av-30wkua-aced859fcc41e2af12489ff854a69f2d\">\n.flex_column.av-30wkua-aced859fcc41e2af12489ff854a69f2d{\n-webkit-border-radius:0px 0px 0px 0px;\n-moz-border-radius:0px 0px 0px 0px;\nborder-radius:0px 0px 0px 0px;\npadding:0px 0px 0px 0px;\n}\n<\/style>\n<div class='flex_column av-30wkua-aced859fcc41e2af12489ff854a69f2d av_one_half  avia-builder-el-2  el_after_av_heading  el_before_av_one_half  first flex_column_div av-zero-column-padding '     ><section  class='av_textblock_section av-2vvzaq-0ef9e217054a7e6eb9e8279704ef83d4'  itemscope=\"itemscope\" itemtype=\"https:\/\/schema.org\/CreativeWork\" ><div class='avia_textblock'  itemprop=\"text\" ><p>Die Beitr\u00e4ge werden <strong>quartalsweise<\/strong> abgebucht, jeweils zum Anfang des Quartals.<\/p>\n<\/div><\/section><\/div>\n<style type=\"text\/css\" data-created_by=\"avia_inline_auto\" id=\"style-css-av-2rqdhu-e2ee74e978f5401aba1758387d6bb7b3\">\n.flex_column.av-2rqdhu-e2ee74e978f5401aba1758387d6bb7b3{\n-webkit-border-radius:0px 0px 0px 0px;\n-moz-border-radius:0px 0px 0px 0px;\nborder-radius:0px 0px 0px 0px;\npadding:0px 0px 0px 0px;\n}\n<\/style>\n<div class='flex_column av-2rqdhu-e2ee74e978f5401aba1758387d6bb7b3 av_one_half  avia-builder-el-4  el_after_av_one_half  avia-builder-el-last  flex_column_div av-zero-column-padding '     ><section  class='av_textblock_section av-91xfm-51411c17307a964ddaebb5c0c3affcc3'  itemscope=\"itemscope\" itemtype=\"https:\/\/schema.org\/CreativeWork\" ><div class='avia_textblock'  itemprop=\"text\" ><p>Kinder von Geringverdienern k\u00f6nnen, auf Basis des Bildungs- und Teilhabepaket des SGB II, Leistungen f\u00fcr die Teilnahme am sozialen und kulturellen Leben erhalten. Darunter f\u00e4llt auch die Teilhabe an Kultur, Sport und Freizeit.<\/p>\n<p>Weitere Informationen findet Ihr auf der <a href=\"https:\/\/www.bmas.de\/DE\/Themen\/Arbeitsmarkt\/Grundsicherung\/Leistungen-zur-Sicherung-des-Lebensunterhalts\/Bildungspaket\/bildungspaket.html\">Internetseite des Bundesministerium f\u00fcr Arbeit und Soziales<\/a>. Bei Fragen k\u00f6nnt Ihr uns nat\u00fcrlich auch gerne ansprechen.<\/p>\n<\/div><\/section><\/div>\n\n<\/div><\/div><\/main><!-- close content main element --><\/div><\/div>\n<style type=\"text\/css\" data-created_by=\"avia_inline_auto\" id=\"style-css-av-2canbm-4ab55db037faa0cb05f8552ffc804118\">\n.avia-section.av-2canbm-4ab55db037faa0cb05f8552ffc804118{\nbackground-repeat:no-repeat;\nbackground-image:url(https:\/\/www.tsv-datteln.de\/wp-content\/uploads\/2018\/02\/trampolin_schwarzweiss-2.jpg);\nbackground-position:50% 50%;\nbackground-attachment:fixed;\n}\n.avia-section.av-2canbm-4ab55db037faa0cb05f8552ffc804118 .av-section-color-overlay{\nopacity:0.8;\nbackground-color:#000000;\n}\n<\/style>\n<div id='av_section_2'  class='avia-section av-2canbm-4ab55db037faa0cb05f8552ffc804118 alternate_color avia-section-huge avia-no-border-styling  avia-builder-el-6  el_after_av_section  avia-builder-el-last  avia-full-stretch avia-bg-style-fixed av-section-color-overlay-active container_wrap fullsize'  data-section-bg-repeat='stretch'><div class=\"av-section-color-overlay-wrap\"><div class=\"av-section-color-overlay\"><\/div><div class='container av-section-cont-open' ><div class='template-page content  av-content-full alpha units'><div class='post-entry post-entry-type-page post-entry-530'><div class='entry-content-wrapper clearfix'>\n<div class='flex_column_table av-26su6i-370f481b07a7274b718a86c8cdb188f5 sc-av_one_half av-equal-height-column-flextable'>\n<style type=\"text\/css\" data-created_by=\"avia_inline_auto\" id=\"style-css-av-26su6i-370f481b07a7274b718a86c8cdb188f5\">\n.flex_column.av-26su6i-370f481b07a7274b718a86c8cdb188f5{\n-webkit-border-radius:0px 0px 0px 0px;\n-moz-border-radius:0px 0px 0px 0px;\nborder-radius:0px 0px 0px 0px;\npadding:15px 0px 0px 0px;\nbackground-color:#ffffff;\n}\n<\/style>\n<div class='flex_column av-26su6i-370f481b07a7274b718a86c8cdb188f5 av_one_half  avia-builder-el-7  el_before_av_one_half  avia-builder-el-first  first flex_column_table_cell av-equal-height-column av-align-top av-animated-generic bottom-to-top avia-full-contain '     ><p>\n<style type=\"text\/css\" data-created_by=\"avia_inline_auto\" id=\"style-css-av-av_heading-f86022efd730e013ea4b4b011d496097\">\n#top .av-special-heading.av-av_heading-f86022efd730e013ea4b4b011d496097{\npadding-bottom:5px;\ncolor:#000000;\nfont-size:20px;\n}\nbody .av-special-heading.av-av_heading-f86022efd730e013ea4b4b011d496097 .av-special-heading-tag .heading-char{\nfont-size:25px;\n}\n#top #wrap_all .av-special-heading.av-av_heading-f86022efd730e013ea4b4b011d496097 .av-special-heading-tag{\nfont-size:20px;\n}\n.av-special-heading.av-av_heading-f86022efd730e013ea4b4b011d496097 .special-heading-inner-border{\nborder-color:#000000;\n}\n.av-special-heading.av-av_heading-f86022efd730e013ea4b4b011d496097 .av-subheading{\nfont-size:15px;\n}\n\n@media only screen and (min-width: 480px) and (max-width: 767px){ \n#top #wrap_all .av-special-heading.av-av_heading-f86022efd730e013ea4b4b011d496097 .av-special-heading-tag{\nfont-size:0.8em;\n}\n}\n\n@media only screen and (max-width: 479px){ \n#top #wrap_all .av-special-heading.av-av_heading-f86022efd730e013ea4b4b011d496097 .av-special-heading-tag{\nfont-size:0.8em;\n}\n}\n<\/style>\n<div  class='av-special-heading av-av_heading-f86022efd730e013ea4b4b011d496097 av-special-heading-h3 custom-color-heading blockquote modern-quote modern-centered  avia-builder-el-8  el_before_av_hr  avia-builder-el-first  av-inherit-size'><h3 class='av-special-heading-tag'  itemprop=\"headline\"  >Familienbeitr\u00e4ge<\/h3><div class=\"special-heading-border\"><div class=\"special-heading-inner-border\"><\/div><\/div><\/div><br \/>\n\n<style type=\"text\/css\" data-created_by=\"avia_inline_auto\" id=\"style-css-av-1w4uvm-3340265aa989b316fc733bc5a7f4f37a\">\n#top .hr.hr-invisible.av-1w4uvm-3340265aa989b316fc733bc5a7f4f37a{\nheight:15px;\n}\n<\/style>\n<div  class='hr av-1w4uvm-3340265aa989b316fc733bc5a7f4f37a hr-invisible  avia-builder-el-9  el_after_av_heading  el_before_av_textblock '><span class='hr-inner '><span class=\"hr-inner-style\"><\/span><\/span><\/div><br \/>\n\n<style type=\"text\/css\" data-created_by=\"avia_inline_auto\" id=\"style-css-av-1s1swa-2507c0670161d60fabc865f1089ca237\">\n#top .av_textblock_section.av-1s1swa-2507c0670161d60fabc865f1089ca237 .avia_textblock{\ncolor:#a0a0a0;\n}\n<\/style>\n<section  class='av_textblock_section av-1s1swa-2507c0670161d60fabc865f1089ca237'  itemscope=\"itemscope\" itemtype=\"https:\/\/schema.org\/CreativeWork\" ><div class='avia_textblock av_inherit_color'  itemprop=\"text\" ><p style=\"text-align: center;\">\u00a0 \u00a0 \u00a0 \u00a0 \u00a0 \u00a0 \u00a0 \u00a0 <strong>Familienbeitr\u00e4ge sind bei uns m\u00f6glich, sobald 3 Personen<\/strong><\/p>\n<p style=\"text-align: center;\"><strong>einer Familie dem Verein beigetreten sind.<\/strong><\/p>\n<p style=\"text-align: center;\">Familie ab 3 Kinder ohne Erwachsene\u00a0 \u00a0 \u00a0 \u00a0 \u00a032,50 \u20ac viertelj.<\/p>\n<p style=\"text-align: center;\">1. Erwachsener und mindestens 2 Kinder\u00a0 \u00a043,00 \u20ac viertelj.<\/p>\n<p style=\"text-align: center;\">2. Erwachsener mit mindestens 1 Kind\u00a0 \u00a0 \u00a0 \u00a048,00 \u20ac viertelj.<\/p>\n<p style=\"text-align: center;\">3. Erwachsener inkl. aller Kinder\u00a0 \u00a0 \u00a0 \u00a0 \u00a0 \u00a0 \u00a0 \u00a0 \u00a0 \u00a0 53,00 \u20ac viertelj.<\/p>\n<p style=\"text-align: center;\">4. Erwachsener inkl. aller Kinder\u00a0 \u00a0 \u00a0 \u00a0 \u00a0 \u00a0 \u00a0 \u00a0 \u00a0 \u00a0 70,00 \u20ac viertelj.<\/p>\n<\/div><\/section><\/p><\/div><div class='av-flex-placeholder'><\/div>\n<style type=\"text\/css\" data-created_by=\"avia_inline_auto\" id=\"style-css-av-1mu5hu-d695c544336a6c185bff76f5b0957cef\">\n.flex_column.av-1mu5hu-d695c544336a6c185bff76f5b0957cef{\n-webkit-border-radius:0px 0px 0px 0px;\n-moz-border-radius:0px 0px 0px 0px;\nborder-radius:0px 0px 0px 0px;\npadding:15px 0px 0px 0px;\nbackground-color:#ffffff;\n}\n<\/style>\n<div class='flex_column av-1mu5hu-d695c544336a6c185bff76f5b0957cef av_one_half  avia-builder-el-11  el_after_av_one_half  el_before_av_hr  flex_column_table_cell av-equal-height-column av-align-top av-animated-generic bottom-to-top avia-full-contain '     ><p>\n<style type=\"text\/css\" data-created_by=\"avia_inline_auto\" id=\"style-css-av-av_heading-6433819442d4eb4b1f49f139a6c9072f\">\n#top .av-special-heading.av-av_heading-6433819442d4eb4b1f49f139a6c9072f{\npadding-bottom:5px;\ncolor:#000000;\nfont-size:20px;\n}\nbody .av-special-heading.av-av_heading-6433819442d4eb4b1f49f139a6c9072f .av-special-heading-tag .heading-char{\nfont-size:25px;\n}\n#top #wrap_all .av-special-heading.av-av_heading-6433819442d4eb4b1f49f139a6c9072f .av-special-heading-tag{\nfont-size:20px;\n}\n.av-special-heading.av-av_heading-6433819442d4eb4b1f49f139a6c9072f .special-heading-inner-border{\nborder-color:#000000;\n}\n.av-special-heading.av-av_heading-6433819442d4eb4b1f49f139a6c9072f .av-subheading{\nfont-size:15px;\n}\n\n@media only screen and (min-width: 480px) and (max-width: 767px){ \n#top #wrap_all .av-special-heading.av-av_heading-6433819442d4eb4b1f49f139a6c9072f .av-special-heading-tag{\nfont-size:0.8em;\n}\n}\n\n@media only screen and (max-width: 479px){ \n#top #wrap_all .av-special-heading.av-av_heading-6433819442d4eb4b1f49f139a6c9072f .av-special-heading-tag{\nfont-size:0.8em;\n}\n}\n<\/style>\n<div  class='av-special-heading av-av_heading-6433819442d4eb4b1f49f139a6c9072f av-special-heading-h3 custom-color-heading blockquote modern-quote modern-centered  avia-builder-el-12  el_before_av_hr  avia-builder-el-first  av-inherit-size'><h3 class='av-special-heading-tag'  itemprop=\"headline\"  >Allgemeiner Beitrag<\/h3><div class=\"special-heading-border\"><div class=\"special-heading-inner-border\"><\/div><\/div><\/div><br \/>\n\n<style type=\"text\/css\" data-created_by=\"avia_inline_auto\" id=\"style-css-av-19qibu-fb6c4785655308815c3298be422dc3be\">\n#top .hr.hr-invisible.av-19qibu-fb6c4785655308815c3298be422dc3be{\nheight:15px;\n}\n<\/style>\n<div  class='hr av-19qibu-fb6c4785655308815c3298be422dc3be hr-invisible  avia-builder-el-13  el_after_av_heading  el_before_av_textblock '><span class='hr-inner '><span class=\"hr-inner-style\"><\/span><\/span><\/div><br \/>\n\n<style type=\"text\/css\" data-created_by=\"avia_inline_auto\" id=\"style-css-av-10ymey-9f7090b32754d0aed5e97ed83c591367\">\n#top .av_textblock_section.av-10ymey-9f7090b32754d0aed5e97ed83c591367 .avia_textblock{\ncolor:#a0a0a0;\n}\n<\/style>\n<section  class='av_textblock_section av-10ymey-9f7090b32754d0aed5e97ed83c591367'  itemscope=\"itemscope\" itemtype=\"https:\/\/schema.org\/CreativeWork\" ><div class='avia_textblock av_inherit_color'  itemprop=\"text\" ><p style=\"text-align: center;\"><strong>Beitrag Einzelperson<\/strong><\/p>\n<p style=\"text-align: center;\">Erwachsene\u00a0 \u00a0 \u00a0 \u00a0 \u00a0 \u00a0 \u00a0 \u00a0 \u00a0 \u00a0 \u00a0 \u00a0 \u00a0 \u00a0 \u00a0:\u00a0 27,00 \u20ac\u00a0viertelj. (9,00 \u20ac pro Monat)<\/p>\n<p style=\"text-align: center;\">Kinder\u00a0 \u00a0 \u00a0 \u00a0 \u00a0 \u00a0 \u00a0 \u00a0 \u00a0 \u00a0 \u00a0 \u00a0 \u00a0 \u00a0 \u00a0 \u00a0 \u00a0 \u00a0 \u00a0 \u00a0:\u00a0 18,00 \u20ac viertelj. (6,00 \u20ac pro Monat)<\/p>\n<p style=\"text-align: center;\">\n<\/div><\/section><\/p><\/div><\/div><!--close column table wrapper. Autoclose: 1 -->\n<style type=\"text\/css\" data-created_by=\"avia_inline_auto\" id=\"style-css-av-y3w42-aa9dafc8f446c16cf09042eb0a7d46d3\">\n#top .hr.hr-invisible.av-y3w42-aa9dafc8f446c16cf09042eb0a7d46d3{\nheight:15px;\n}\n<\/style>\n<div  class='hr av-y3w42-aa9dafc8f446c16cf09042eb0a7d46d3 hr-invisible  avia-builder-el-15  el_after_av_one_half  el_before_av_one_third '><span class='hr-inner '><span class=\"hr-inner-style\"><\/span><\/span><\/div>\n\n<style type=\"text\/css\" data-created_by=\"avia_inline_auto\" id=\"style-css-av-t5sui-3314bd322871e2e01d6768625b5448d5\">\n.flex_column.av-t5sui-3314bd322871e2e01d6768625b5448d5{\n-webkit-border-radius:0px 0px 0px 0px;\n-moz-border-radius:0px 0px 0px 0px;\nborder-radius:0px 0px 0px 0px;\npadding:0px 0px 0px 0px;\n}\n<\/style>\n<div class='flex_column av-t5sui-3314bd322871e2e01d6768625b5448d5 av_one_third  avia-builder-el-16  el_after_av_hr  el_before_av_one_third  first flex_column_div av-zero-column-padding '     ><\/div>\n<style type=\"text\/css\" data-created_by=\"avia_inline_auto\" id=\"style-css-av-kf4wy-f1c5c219bbc925db822f7729ad366232\">\n.flex_column.av-kf4wy-f1c5c219bbc925db822f7729ad366232{\n-webkit-border-radius:0px 0px 0px 0px;\n-moz-border-radius:0px 0px 0px 0px;\nborder-radius:0px 0px 0px 0px;\npadding:20px 20px 20px 20px;\n}\n<\/style>\n<div class='flex_column av-kf4wy-f1c5c219bbc925db822f7729ad366232 av_one_third  avia-builder-el-17  el_after_av_one_third  el_before_av_one_third  flex_column_div av-animated-generic bottom-to-top '     ><div  class='avia-button-wrap avia-button-center  avia-builder-el-18  avia-builder-el-no-sibling '>\n<style type=\"text\/css\" data-created_by=\"avia_inline_auto\" id=\"style-css-av-feo02-1601cf0d68996616f19a9956f090ec6a\">\n#top #wrap_all .avia-button.av-feo02-1601cf0d68996616f19a9956f090ec6a{\ncolor:#ffffff;\n-webkit-transition:all 0.4s ease-in-out;\n-moz-transition:all 0.4s ease-in-out;\n-ms-transition:all 0.4s ease-in-out;\n-o-transition:all 0.4s ease-in-out;\ntransition:all 0.4s ease-in-out;\n}\n#top #wrap_all .avia-button.av-feo02-1601cf0d68996616f19a9956f090ec6a:hover{\ncolor:#ffffff;\n-webkit-transition:all 0.4s ease-in-out;\n-moz-transition:all 0.4s ease-in-out;\n-ms-transition:all 0.4s ease-in-out;\n-o-transition:all 0.4s ease-in-out;\ntransition:all 0.4s ease-in-out;\n}\n<\/style>\n<a href='https:\/\/www.tsv-datteln.de\/?page_id=513' class='avia-color-theme-color avia-button avia-button-fullwidth av-feo02-1601cf0d68996616f19a9956f090ec6a avia-icon_select-no avia-color-theme-color'  ><span class='avia_iconbox_title' >Anfragen<\/span><span class='avia_button_background avia-button avia-button-fullwidth avia-color-theme-color-subtle'><\/span><\/a><\/div><\/div>\n<style type=\"text\/css\" data-created_by=\"avia_inline_auto\" id=\"style-css-av-85jje-9550b9941e5095891ba6fed142b22d76\">\n.flex_column.av-85jje-9550b9941e5095891ba6fed142b22d76{\n-webkit-border-radius:0px 0px 0px 0px;\n-moz-border-radius:0px 0px 0px 0px;\nborder-radius:0px 0px 0px 0px;\npadding:0px 0px 0px 0px;\n}\n<\/style>\n<div class='flex_column av-85jje-9550b9941e5095891ba6fed142b22d76 av_one_third  avia-builder-el-19  el_after_av_one_third  avia-builder-el-last  flex_column_div av-zero-column-padding '     ><\/div>\n","protected":false},"excerpt":{"rendered":"","protected":false},"author":1,"featured_media":0,"parent":0,"menu_order":0,"comment_status":"closed","ping_status":"closed","template":"","meta":{"footnotes":""},"_links":{"self":[{"href":"https:\/\/www.tsv-datteln.de\/index.php?rest_route=\/wp\/v2\/pages\/530"}],"collection":[{"href":"https:\/\/www.tsv-datteln.de\/index.php?rest_route=\/wp\/v2\/pages"}],"about":[{"href":"https:\/\/www.tsv-datteln.de\/index.php?rest_route=\/wp\/v2\/types\/page"}],"author":[{"embeddable":true,"href":"https:\/\/www.tsv-datteln.de\/index.php?rest_route=\/wp\/v2\/users\/1"}],"replies":[{"embeddable":true,"href":"https:\/\/www.tsv-datteln.de\/index.php?rest_route=%2Fwp%2Fv2%2Fcomments&post=530"}],"version-history":[{"count":30,"href":"https:\/\/www.tsv-datteln.de\/index.php?rest_route=\/wp\/v2\/pages\/530\/revisions"}],"predecessor-version":[{"id":2728,"href":"https:\/\/www.tsv-datteln.de\/index.php?rest_route=\/wp\/v2\/pages\/530\/revisions\/2728"}],"wp:attachment":[{"href":"https:\/\/www.tsv-datteln.de\/index.php?rest_route=%2Fwp%2Fv2%2Fmedia&parent=530"}],"curies":[{"name":"wp","href":"https:\/\/api.w.org\/{rel}","templated":true}]}}