{"id":958,"date":"2018-02-13T15:11:51","date_gmt":"2018-02-13T14:11:51","guid":{"rendered":"http:\/\/www.tsv-datteln.de\/wp\/?page_id=958"},"modified":"2019-08-15T10:46:58","modified_gmt":"2019-08-15T08:46:58","slug":"leitbild","status":"publish","type":"page","link":"https:\/\/www.tsv-datteln.de\/?page_id=958","title":{"rendered":"Leitbild"},"content":{"rendered":"\n<style type=\"text\/css\" data-created_by=\"avia_inline_auto\" id=\"style-css-av-av_section-cb3093d662358854788928207b2a6073\">\n.avia-section.av-av_section-cb3093d662358854788928207b2a6073 .av-parallax .av-parallax-inner{\nbackground-repeat:no-repeat;\nbackground-image:url(https:\/\/www.tsv-datteln.de\/wp-content\/uploads\/2018\/02\/badminton_schwarzweiss.jpg);\nbackground-position:0% 0%;\nbackground-attachment:scroll;\n}\n<\/style>\n<div id='av_section_1'  class='avia-section av-av_section-cb3093d662358854788928207b2a6073 header_color avia-section-large avia-no-border-styling  avia-builder-el-0  el_before_av_one_full  avia-builder-el-first  av-parallax-section avia-bg-style-parallax container_wrap fullsize'  data-section-bg-repeat='no-repeat'><div class='av-parallax' data-avia-parallax-ratio='0.3' ><div class='av-parallax-inner header_color avia-full-stretch'><\/div><\/div><div class='container av-section-cont-open' ><main  role=\"main\" itemprop=\"mainContentOfPage\"  class='template-page content  av-content-full alpha units'><div class='post-entry post-entry-type-page post-entry-958'><div class='entry-content-wrapper clearfix'>\n\n<style type=\"text\/css\" data-created_by=\"avia_inline_auto\" id=\"style-css-av-av_heading-d2b80b1c0b7c2b33c22cbf9192466115\">\n#top .av-special-heading.av-av_heading-d2b80b1c0b7c2b33c22cbf9192466115{\npadding-bottom:30px;\ncolor:#ffffff;\nfont-size:70px;\n}\nbody .av-special-heading.av-av_heading-d2b80b1c0b7c2b33c22cbf9192466115 .av-special-heading-tag .heading-char{\nfont-size:25px;\n}\n#top #wrap_all .av-special-heading.av-av_heading-d2b80b1c0b7c2b33c22cbf9192466115 .av-special-heading-tag{\nfont-size:70px;\n}\n.av-special-heading.av-av_heading-d2b80b1c0b7c2b33c22cbf9192466115 .special-heading-inner-border{\nborder-color:#ffffff;\n}\n.av-special-heading.av-av_heading-d2b80b1c0b7c2b33c22cbf9192466115 .av-subheading{\nfont-size:15px;\n}\n\n@media only screen and (min-width: 480px) and (max-width: 767px){ \n#top #wrap_all .av-special-heading.av-av_heading-d2b80b1c0b7c2b33c22cbf9192466115 .av-special-heading-tag{\nfont-size:0.8em;\n}\n}\n\n@media only screen and (max-width: 479px){ \n#top #wrap_all .av-special-heading.av-av_heading-d2b80b1c0b7c2b33c22cbf9192466115 .av-special-heading-tag{\nfont-size:0.8em;\n}\n}\n<\/style>\n<div  class='av-special-heading av-av_heading-d2b80b1c0b7c2b33c22cbf9192466115 av-special-heading-h1 custom-color-heading blockquote modern-quote  avia-builder-el-1  avia-builder-el-no-sibling  av-thin-font av-inherit-size'><h1 class='av-special-heading-tag'  itemprop=\"headline\"  >Unser Leitbild<strong>.<\/strong><\/h1><div class=\"special-heading-border\"><div class=\"special-heading-inner-border\"><\/div><\/div><\/div>\n<\/div><\/div><\/main><!-- close content main element --><\/div><\/div><div id='after_section_1'  class='main_color av_default_container_wrap container_wrap fullsize'  ><div class='container av-section-cont-open' ><div class='template-page content  av-content-full alpha units'><div class='post-entry post-entry-type-page post-entry-958'><div class='entry-content-wrapper clearfix'>\n\n<style type=\"text\/css\" data-created_by=\"avia_inline_auto\" id=\"style-css-av-av_one_full-6126cab7d8fab8d08143dd2dacdf673c\">\n.flex_column.av-av_one_full-6126cab7d8fab8d08143dd2dacdf673c{\n-webkit-border-radius:0px 0px 0px 0px;\n-moz-border-radius:0px 0px 0px 0px;\nborder-radius:0px 0px 0px 0px;\npadding:0px 0px 0px 0px;\n}\n<\/style>\n<div class='flex_column av-av_one_full-6126cab7d8fab8d08143dd2dacdf673c av_one_full  avia-builder-el-2  el_after_av_section  el_before_av_one_full  avia-builder-el-first  first flex_column_div av-zero-column-padding '     ><section  class='av_textblock_section av-av_textblock-0366cc7376be6c9e82a3e9cc8987b64f'  itemscope=\"itemscope\" itemtype=\"https:\/\/schema.org\/CreativeWork\" ><div class='avia_textblock'  itemprop=\"text\" ><p><span style=\"font-size: 35px; color: #fcc73f; font-weight: bold;\">1.<\/span> Wir m\u00f6chten allen Altersgruppen eine gesellschaftliche und sportliche \u201eHeimat\u201c bieten<\/p>\n<\/div><\/section><\/div>\n\n<style type=\"text\/css\" data-created_by=\"avia_inline_auto\" id=\"style-css-av-av_one_full-6126cab7d8fab8d08143dd2dacdf673c\">\n.flex_column.av-av_one_full-6126cab7d8fab8d08143dd2dacdf673c{\n-webkit-border-radius:0px 0px 0px 0px;\n-moz-border-radius:0px 0px 0px 0px;\nborder-radius:0px 0px 0px 0px;\npadding:0px 0px 0px 0px;\n}\n<\/style>\n<div class='flex_column av-av_one_full-6126cab7d8fab8d08143dd2dacdf673c av_one_full  avia-builder-el-4  el_after_av_one_full  el_before_av_one_full  first flex_column_div av-zero-column-padding column-top-margin'     ><section  class='av_textblock_section av-av_textblock-0366cc7376be6c9e82a3e9cc8987b64f'  itemscope=\"itemscope\" itemtype=\"https:\/\/schema.org\/CreativeWork\" ><div class='avia_textblock'  itemprop=\"text\" ><p><span style=\"font-size: 35px; color: #fcc73f; font-weight: bold;\">2.<\/span> Unsere Angebote stehen jedem zur Verf\u00fcgung, unabh\u00e4ngig von wirtschaftlicher Stellung und kultureller Herkunft<\/p>\n<\/div><\/section><\/div>\n\n<style type=\"text\/css\" data-created_by=\"avia_inline_auto\" id=\"style-css-av-av_one_full-6126cab7d8fab8d08143dd2dacdf673c\">\n.flex_column.av-av_one_full-6126cab7d8fab8d08143dd2dacdf673c{\n-webkit-border-radius:0px 0px 0px 0px;\n-moz-border-radius:0px 0px 0px 0px;\nborder-radius:0px 0px 0px 0px;\npadding:0px 0px 0px 0px;\n}\n<\/style>\n<div class='flex_column av-av_one_full-6126cab7d8fab8d08143dd2dacdf673c av_one_full  avia-builder-el-6  el_after_av_one_full  el_before_av_one_full  first flex_column_div av-zero-column-padding column-top-margin'     ><section  class='av_textblock_section av-av_textblock-0366cc7376be6c9e82a3e9cc8987b64f'  itemscope=\"itemscope\" itemtype=\"https:\/\/schema.org\/CreativeWork\" ><div class='avia_textblock'  itemprop=\"text\" ><p><span style=\"font-size: 35px; color: #fcc73f; font-weight: bold;\">3.<\/span> Wir bieten unseren Sportlern die M\u00f6glichkeit, Breitensport zu betreiben. Hierf\u00fcr stellen wir ausgebildete \u00dcbungsleiter zur Verf\u00fcgung<\/p>\n<\/div><\/section><\/div>\n\n<style type=\"text\/css\" data-created_by=\"avia_inline_auto\" id=\"style-css-av-av_one_full-6126cab7d8fab8d08143dd2dacdf673c\">\n.flex_column.av-av_one_full-6126cab7d8fab8d08143dd2dacdf673c{\n-webkit-border-radius:0px 0px 0px 0px;\n-moz-border-radius:0px 0px 0px 0px;\nborder-radius:0px 0px 0px 0px;\npadding:0px 0px 0px 0px;\n}\n<\/style>\n<div class='flex_column av-av_one_full-6126cab7d8fab8d08143dd2dacdf673c av_one_full  avia-builder-el-8  el_after_av_one_full  el_before_av_one_full  first flex_column_div av-zero-column-padding column-top-margin'     ><section  class='av_textblock_section av-av_textblock-0366cc7376be6c9e82a3e9cc8987b64f'  itemscope=\"itemscope\" itemtype=\"https:\/\/schema.org\/CreativeWork\" ><div class='avia_textblock'  itemprop=\"text\" ><p><span style=\"font-size: 35px; color: #fcc73f; font-weight: bold;\">4.<\/span> Unsere Arbeit wird ausschlie\u00dflich von ehrenamtlichen Helfern durchgef\u00fchrt<\/p>\n<\/div><\/section><\/div>\n\n<style type=\"text\/css\" data-created_by=\"avia_inline_auto\" id=\"style-css-av-av_one_full-6126cab7d8fab8d08143dd2dacdf673c\">\n.flex_column.av-av_one_full-6126cab7d8fab8d08143dd2dacdf673c{\n-webkit-border-radius:0px 0px 0px 0px;\n-moz-border-radius:0px 0px 0px 0px;\nborder-radius:0px 0px 0px 0px;\npadding:0px 0px 0px 0px;\n}\n<\/style>\n<div class='flex_column av-av_one_full-6126cab7d8fab8d08143dd2dacdf673c av_one_full  avia-builder-el-10  el_after_av_one_full  el_before_av_one_full  first flex_column_div av-zero-column-padding column-top-margin'     ><section  class='av_textblock_section av-av_textblock-2de302bf1aa3cf4c9157dbe6f50ac7eb'  itemscope=\"itemscope\" itemtype=\"https:\/\/schema.org\/CreativeWork\" ><div class='avia_textblock'  itemprop=\"text\" ><p><span style=\"font-size: 35px; color: #fcc73f; font-weight: bold;\">5.<\/span> Im Mittelpunkt stehen f\u00fcr uns die Menschen, die sich mit Fairness und Teamgeist sowie Solidarit\u00e4t und Toleranz begegnen<\/p>\n<\/div><\/section><\/div>\n\n<style type=\"text\/css\" data-created_by=\"avia_inline_auto\" id=\"style-css-av-av_one_full-6126cab7d8fab8d08143dd2dacdf673c\">\n.flex_column.av-av_one_full-6126cab7d8fab8d08143dd2dacdf673c{\n-webkit-border-radius:0px 0px 0px 0px;\n-moz-border-radius:0px 0px 0px 0px;\nborder-radius:0px 0px 0px 0px;\npadding:0px 0px 0px 0px;\n}\n<\/style>\n<div class='flex_column av-av_one_full-6126cab7d8fab8d08143dd2dacdf673c av_one_full  avia-builder-el-12  el_after_av_one_full  el_before_av_one_full  first flex_column_div av-zero-column-padding column-top-margin'     ><section  class='av_textblock_section av-av_textblock-2de302bf1aa3cf4c9157dbe6f50ac7eb'  itemscope=\"itemscope\" itemtype=\"https:\/\/schema.org\/CreativeWork\" ><div class='avia_textblock'  itemprop=\"text\" ><p><span style=\"font-size: 35px; color: #fcc73f; font-weight: bold;\">6.<\/span> Wir unterst\u00fctzen die Pers\u00f6nlichkeitsbildung unserer jugendlichen Mitglieder durch ein intaktes Vereinsleben, partnerschaftlichen Umgang mit Anderen und \u00a0 \u00a0 \u00a0 \u00a0 \u00a0 \u00a0 ein soziales Verhalten im Mannschaftssport<\/p>\n<\/div><\/section><\/div>\n<style type=\"text\/css\" data-created_by=\"avia_inline_auto\" id=\"style-css-av-av_one_full-6126cab7d8fab8d08143dd2dacdf673c\">\n.flex_column.av-av_one_full-6126cab7d8fab8d08143dd2dacdf673c{\n-webkit-border-radius:0px 0px 0px 0px;\n-moz-border-radius:0px 0px 0px 0px;\nborder-radius:0px 0px 0px 0px;\npadding:0px 0px 0px 0px;\n}\n<\/style>\n<div class='flex_column av-av_one_full-6126cab7d8fab8d08143dd2dacdf673c av_one_full  avia-builder-el-14  el_after_av_one_full  el_before_av_one_full  first flex_column_div av-zero-column-padding column-top-margin'     ><section  class='av_textblock_section av-av_textblock-0366cc7376be6c9e82a3e9cc8987b64f'  itemscope=\"itemscope\" itemtype=\"https:\/\/schema.org\/CreativeWork\" ><div class='avia_textblock'  itemprop=\"text\" ><p><span style=\"font-size: 35px; color: #fcc73f; font-weight: bold;\">7. <\/span>Verschiedene Generationen wirken partnerschaftlich und erfolgreich zusammen und bringen Ihre St\u00e4rken ein<\/p>\n<\/div><\/section><\/div><\/p>\n\n<style type=\"text\/css\" data-created_by=\"avia_inline_auto\" id=\"style-css-av-av_one_full-6126cab7d8fab8d08143dd2dacdf673c\">\n.flex_column.av-av_one_full-6126cab7d8fab8d08143dd2dacdf673c{\n-webkit-border-radius:0px 0px 0px 0px;\n-moz-border-radius:0px 0px 0px 0px;\nborder-radius:0px 0px 0px 0px;\npadding:0px 0px 0px 0px;\n}\n<\/style>\n<div class='flex_column av-av_one_full-6126cab7d8fab8d08143dd2dacdf673c av_one_full  avia-builder-el-16  el_after_av_one_full  avia-builder-el-last  first flex_column_div av-zero-column-padding column-top-margin'     ><section  class='av_textblock_section av-av_textblock-0366cc7376be6c9e82a3e9cc8987b64f'  itemscope=\"itemscope\" itemtype=\"https:\/\/schema.org\/CreativeWork\" ><div class='avia_textblock'  itemprop=\"text\" ><p><span style=\"font-size: 35px; color: #fcc73f; font-weight: bold;\">8. <\/span>Die Sportler des TSV Datteln identifizieren sich mit Ihrem Verein<\/p>\n<\/div><\/section><\/div>\n","protected":false},"excerpt":{"rendered":"","protected":false},"author":1,"featured_media":0,"parent":0,"menu_order":0,"comment_status":"closed","ping_status":"closed","template":"","meta":{"footnotes":""},"_links":{"self":[{"href":"https:\/\/www.tsv-datteln.de\/index.php?rest_route=\/wp\/v2\/pages\/958"}],"collection":[{"href":"https:\/\/www.tsv-datteln.de\/index.php?rest_route=\/wp\/v2\/pages"}],"about":[{"href":"https:\/\/www.tsv-datteln.de\/index.php?rest_route=\/wp\/v2\/types\/page"}],"author":[{"embeddable":true,"href":"https:\/\/www.tsv-datteln.de\/index.php?rest_route=\/wp\/v2\/users\/1"}],"replies":[{"embeddable":true,"href":"https:\/\/www.tsv-datteln.de\/index.php?rest_route=%2Fwp%2Fv2%2Fcomments&post=958"}],"version-history":[{"count":36,"href":"https:\/\/www.tsv-datteln.de\/index.php?rest_route=\/wp\/v2\/pages\/958\/revisions"}],"predecessor-version":[{"id":1886,"href":"https:\/\/www.tsv-datteln.de\/index.php?rest_route=\/wp\/v2\/pages\/958\/revisions\/1886"}],"wp:attachment":[{"href":"https:\/\/www.tsv-datteln.de\/index.php?rest_route=%2Fwp%2Fv2%2Fmedia&parent=958"}],"curies":[{"name":"wp","href":"https:\/\/api.w.org\/{rel}","templated":true}]}}